{"id":867,"date":"2025-03-17T11:35:12","date_gmt":"2025-03-17T11:35:12","guid":{"rendered":"http:\/\/16.170.190.113\/contact\/"},"modified":"2025-04-02T14:15:30","modified_gmt":"2025-04-02T14:15:30","slug":"kontakt","status":"publish","type":"page","link":"https:\/\/powertogrow.academy\/en\/kontakt\/","title":{"rendered":"Contact"},"content":{"rendered":"<div data-elementor-type=\"wp-page\" data-elementor-id=\"867\" class=\"elementor elementor-867\">\n\t\t\t\t<div class=\"elementor-element elementor-element-eb22df8 e-flex e-con-boxed e-con e-parent\" data-id=\"eb22df8\" data-element_type=\"container\" data-settings=\"{&quot;background_background&quot;:&quot;classic&quot;}\">\n\t\t\t\t\t<div class=\"e-con-inner\">\n\t\t<div class=\"elementor-element elementor-element-0fe5317 e-con-full e-flex e-con e-child\" data-id=\"0fe5317\" data-element_type=\"container\">\n\t\t\t\t<div class=\"elementor-element elementor-element-1db6f3f elementor-widget elementor-widget-heading\" data-id=\"1db6f3f\" data-element_type=\"widget\" data-widget_type=\"heading.default\">\n\t\t\t\t<div class=\"elementor-widget-container\">\n\t\t\t\t\t<h1 class=\"elementor-heading-title elementor-size-default\">Contact<\/h1>\t\t\t\t<\/div>\n\t\t\t\t<\/div>\n\t\t\t\t<div class=\"elementor-element elementor-element-b81fc55 elementor-widget elementor-widget-text-editor\" data-id=\"b81fc55\" data-element_type=\"widget\" data-widget_type=\"text-editor.default\">\n\t\t\t\t<div class=\"elementor-widget-container\">\n\t\t\t\t\t\t\t\t\t<p>Want to learn more about how you can take your career or business journey to the next level? Fill out the form and describe your needs.<span class=\"gmail-Apple-converted-space\">&nbsp;<\/span>beskriv ditt behov s\u00e5 h\u00f6r vi av oss.<span class=\"gmail-Apple-converted-space\">&nbsp;<\/span><\/p>\t\t\t\t\t\t\t\t<\/div>\n\t\t\t\t<\/div>\n\t\t\t\t<\/div>\n\t\t<div class=\"elementor-element elementor-element-5d65b93 e-con-full e-flex e-con e-child\" data-id=\"5d65b93\" data-element_type=\"container\">\n\t\t\t\t<div class=\"elementor-element elementor-element-a6b64d0 elementor-widget elementor-widget-wpforms\" data-id=\"a6b64d0\" data-element_type=\"widget\" data-widget_type=\"wpforms.default\">\n\t\t\t\t<div class=\"elementor-widget-container\">\n\t\t\t\t\t<div class=\"wpforms-container\" id=\"wpforms-11\"><form id=\"wpforms-form-11\" class=\"wpforms-validate wpforms-form\" data-formid=\"11\" method=\"post\" enctype=\"multipart\/form-data\" action=\"\/en\/wp-json\/wp\/v2\/pages\/867\" data-token=\"71b03a9785951e5207d7fcee250c40a9\" data-token-time=\"1776292754\" data-trp-original-action=\"\/en\/wp-json\/wp\/v2\/pages\/867\"><noscript class=\"wpforms-error-noscript\">Please enable JavaScript in your browser to complete this form.<\/noscript><div class=\"wpforms-field-container\"><div id=\"wpforms-11-field_1-container\" class=\"wpforms-field wpforms-field-name\" data-field-id=\"1\"><label class=\"wpforms-field-label\" for=\"wpforms-11-field_1\">Full name <span class=\"wpforms-required-label\">*<\/span><\/label><input type=\"text\" id=\"wpforms-11-field_1\" class=\"wpforms-field-large wpforms-field-required\" name=\"wpforms[fields][1]\" required><\/div><div id=\"wpforms-11-field_2-container\" class=\"wpforms-field wpforms-field-email\" data-field-id=\"2\"><label class=\"wpforms-field-label\" for=\"wpforms-11-field_2\">E-mail <span class=\"wpforms-required-label\">*<\/span><\/label><input type=\"email\" id=\"wpforms-11-field_2\" class=\"wpforms-field-large wpforms-field-required\" name=\"wpforms[fields][2]\" spellcheck=\"false\" required><\/div><div id=\"wpforms-11-field_6-container\" class=\"wpforms-field wpforms-field-text\" data-field-id=\"6\"><label class=\"wpforms-field-label\" for=\"wpforms-11-field_6\">Phone number <span class=\"wpforms-required-label\">*<\/span><\/label><input type=\"text\" id=\"wpforms-11-field_6\" class=\"wpforms-field-large wpforms-field-required\" name=\"wpforms[fields][6]\" required><\/div><div id=\"wpforms-11-field_4-container\" class=\"wpforms-field wpforms-field-select wpforms-field-select-style-classic\" data-field-id=\"4\"><label class=\"wpforms-field-label\" for=\"wpforms-11-field_4\">Interested in <span class=\"wpforms-required-label\">*<\/span><\/label><select id=\"wpforms-11-field_4\" class=\"wpforms-field-large wpforms-field-required\" name=\"wpforms[fields][4]\" required=\"required\"><option value=\"Coaching\" >Coaching<\/option><option value=\"F\u00f6rel\u00e4sning\" >Keynote<\/option><option value=\"F\u00f6rel\u00e4sning &amp; coaching\" >F\u00f6rel\u00e4sning &amp; coaching<\/option><\/select><\/div><div id=\"wpforms-11-field_3-container\" class=\"wpforms-field wpforms-field-textarea\" data-field-id=\"3\"><label class=\"wpforms-field-label\" for=\"wpforms-11-field_3\">Your message<\/label><textarea id=\"wpforms-11-field_3\" class=\"wpforms-field-medium\" name=\"wpforms[fields][3]\" ><\/textarea><\/div><\/div><!-- .wpforms-field-container --><div class=\"wpforms-submit-container\" ><input type=\"hidden\" name=\"wpforms[id]\" value=\"11\"><input type=\"hidden\" name=\"page_title\" value=\"\"><input type=\"hidden\" name=\"page_url\" value=\"https:\/\/powertogrow.academy\/en\/wp-json\/wp\/v2\/pages\/867\"><input type=\"hidden\" name=\"url_referer\" value=\"\"><button type=\"submit\" name=\"wpforms[submit]\" id=\"wpforms-submit-11\" class=\"wpforms-submit\" data-alt-text=\"Skickar...\" data-submit-text=\"Skicka\" aria-live=\"assertive\" value=\"wpforms-submit\">Skicka<\/button><\/div><input type=\"hidden\" name=\"trp-form-language\" value=\"en\"\/><\/form><\/div>  <!-- .wpforms-container -->\t\t\t\t<\/div>\n\t\t\t\t<\/div>\n\t\t\t\t<\/div>\n\t\t\t\t\t<\/div>\n\t\t\t\t<\/div>\n\t\t\t\t<\/div>","protected":false},"excerpt":{"rendered":"<p>Kontakt Vill du h\u00f6ra mer om hur du kan ta din karri\u00e4r eller bolagsresa till n\u00e4sta niv\u00e5? Fyll i formul\u00e4ret och&nbsp;beskriv ditt behov s\u00e5 h\u00f6r vi av oss.&nbsp; Please enable JavaScript in your browser to complete this form.Fullst\u00e4ndigt namn *Telefonnummer *E-post *Intresserad av *F\u00f6rel\u00e4sningCoachingF\u00f6rel\u00e4sning &amp; coachingDitt meddelande (valfritt) Skicka<\/p>","protected":false},"author":1,"featured_media":0,"parent":0,"menu_order":0,"comment_status":"closed","ping_status":"closed","template":"","meta":{"site-sidebar-layout":"no-sidebar","site-content-layout":"page-builder","ast-site-content-layout":"full-width-container","site-content-style":"unboxed","site-sidebar-style":"unboxed","ast-global-header-display":"","ast-banner-title-visibility":"","ast-main-header-display":"","ast-hfb-above-header-display":"","ast-hfb-below-header-display":"","ast-hfb-mobile-header-display":"","site-post-title":"disabled","ast-breadcrumbs-content":"disabled","ast-featured-img":"disabled","footer-sml-layout":"","theme-transparent-header-meta":"enabled","adv-header-id-meta":"","stick-header-meta":"","header-above-stick-meta":"","header-main-stick-meta":"","header-below-stick-meta":"","astra-migrate-meta-layouts":"set","ast-page-background-enabled":"default","ast-page-background-meta":{"desktop":{"background-color":"","background-image":"","background-repeat":"repeat","background-position":"center center","background-size":"auto","background-attachment":"scroll","background-type":"","background-media":"","overlay-type":"","overlay-color":"","overlay-opacity":"","overlay-gradient":""},"tablet":{"background-color":"","background-image":"","background-repeat":"repeat","background-position":"center center","background-size":"auto","background-attachment":"scroll","background-type":"","background-media":"","overlay-type":"","overlay-color":"","overlay-opacity":"","overlay-gradient":""},"mobile":{"background-color":"","background-image":"","background-repeat":"repeat","background-position":"center center","background-size":"auto","background-attachment":"scroll","background-type":"","background-media":"","overlay-type":"","overlay-color":"","overlay-opacity":"","overlay-gradient":""}},"ast-content-background-meta":{"desktop":{"background-color":"var(--ast-global-color-5)","background-image":"","background-repeat":"repeat","background-position":"center center","background-size":"auto","background-attachment":"scroll","background-type":"","background-media":"","overlay-type":"","overlay-color":"","overlay-opacity":"","overlay-gradient":""},"tablet":{"background-color":"var(--ast-global-color-5)","background-image":"","background-repeat":"repeat","background-position":"center center","background-size":"auto","background-attachment":"scroll","background-type":"","background-media":"","overlay-type":"","overlay-color":"","overlay-opacity":"","overlay-gradient":""},"mobile":{"background-color":"var(--ast-global-color-5)","background-image":"","background-repeat":"repeat","background-position":"center center","background-size":"auto","background-attachment":"scroll","background-type":"","background-media":"","overlay-type":"","overlay-color":"","overlay-opacity":"","overlay-gradient":""}},"footnotes":""},"class_list":["post-867","page","type-page","status-publish","hentry"],"yoast_head":"<!-- This site is optimized with the Yoast SEO plugin v24.7 - https:\/\/yoast.com\/wordpress\/plugins\/seo\/ -->\n<title>Kontakt - Power To Grow Academy<\/title>\n<meta name=\"robots\" content=\"index, follow, max-snippet:-1, max-image-preview:large, max-video-preview:-1\" \/>\n<link rel=\"canonical\" href=\"https:\/\/16.170.190.113\/kontakt\/\" \/>\n<meta property=\"og:locale\" content=\"en_US\" \/>\n<meta property=\"og:type\" content=\"article\" \/>\n<meta property=\"og:title\" content=\"Kontakt - Power To Grow Academy\" \/>\n<meta property=\"og:description\" content=\"Kontakt Vill du h\u00f6ra mer om hur du kan ta din karri\u00e4r eller bolagsresa till n\u00e4sta niv\u00e5? Fyll i formul\u00e4ret och&nbsp;beskriv ditt behov s\u00e5 h\u00f6r vi av oss.&nbsp; Please enable JavaScript in your browser to complete this form.Fullst\u00e4ndigt namn *Telefonnummer *E-post *Intresserad av *F\u00f6rel\u00e4sningCoachingF\u00f6rel\u00e4sning &amp; coachingDitt meddelande (valfritt) Skicka\" \/>\n<meta property=\"og:url\" content=\"https:\/\/16.170.190.113\/kontakt\/\" \/>\n<meta property=\"og:site_name\" content=\"Power To Grow Academy\" \/>\n<meta property=\"article:publisher\" content=\"https:\/\/www.facebook.com\/aleksandar.goga\" \/>\n<meta property=\"article:modified_time\" content=\"2025-04-02T14:15:30+00:00\" \/>\n<meta name=\"twitter:card\" content=\"summary_large_image\" \/>\n<meta name=\"twitter:label1\" content=\"Est. reading time\" \/>\n\t<meta name=\"twitter:data1\" content=\"1 minute\" \/>\n<script type=\"application\/ld+json\" class=\"yoast-schema-graph\">{\"@context\":\"https:\/\/schema.org\",\"@graph\":[{\"@type\":\"WebPage\",\"@id\":\"https:\/\/16.170.190.113\/kontakt\/\",\"url\":\"https:\/\/16.170.190.113\/kontakt\/\",\"name\":\"Kontakt - Power To Grow Academy\",\"isPartOf\":{\"@id\":\"https:\/\/powertogrow.academy\/#website\"},\"datePublished\":\"2025-03-17T11:35:12+00:00\",\"dateModified\":\"2025-04-02T14:15:30+00:00\",\"breadcrumb\":{\"@id\":\"https:\/\/16.170.190.113\/kontakt\/#breadcrumb\"},\"inLanguage\":\"en-US\",\"potentialAction\":[{\"@type\":\"ReadAction\",\"target\":[\"https:\/\/16.170.190.113\/kontakt\/\"]}]},{\"@type\":\"BreadcrumbList\",\"@id\":\"https:\/\/16.170.190.113\/kontakt\/#breadcrumb\",\"itemListElement\":[{\"@type\":\"ListItem\",\"position\":1,\"name\":\"Home\",\"item\":\"https:\/\/powertogrow.academy\/\"},{\"@type\":\"ListItem\",\"position\":2,\"name\":\"Kontakt\"}]},{\"@type\":\"WebSite\",\"@id\":\"https:\/\/powertogrow.academy\/#website\",\"url\":\"https:\/\/powertogrow.academy\/\",\"name\":\"Power To Grow Academy - F\u00f6rel\u00e4sning & Coaching\",\"description\":\"\",\"publisher\":{\"@id\":\"https:\/\/powertogrow.academy\/#organization\"},\"potentialAction\":[{\"@type\":\"SearchAction\",\"target\":{\"@type\":\"EntryPoint\",\"urlTemplate\":\"https:\/\/powertogrow.academy\/?s={search_term_string}\"},\"query-input\":{\"@type\":\"PropertyValueSpecification\",\"valueRequired\":true,\"valueName\":\"search_term_string\"}}],\"inLanguage\":\"en-US\"},{\"@type\":\"Organization\",\"@id\":\"https:\/\/powertogrow.academy\/#organization\",\"name\":\"Power To Grow Academy\",\"url\":\"https:\/\/powertogrow.academy\/\",\"logo\":{\"@type\":\"ImageObject\",\"inLanguage\":\"en-US\",\"@id\":\"https:\/\/powertogrow.academy\/#\/schema\/logo\/image\/\",\"url\":\"https:\/\/i0.wp.com\/powertogrow.academy\/wp-content\/uploads\/2025\/03\/ptga-logoo.png?fit=598%2C297&ssl=1\",\"contentUrl\":\"https:\/\/i0.wp.com\/powertogrow.academy\/wp-content\/uploads\/2025\/03\/ptga-logoo.png?fit=598%2C297&ssl=1\",\"width\":598,\"height\":297,\"caption\":\"Power To Grow Academy\"},\"image\":{\"@id\":\"https:\/\/powertogrow.academy\/#\/schema\/logo\/image\/\"},\"sameAs\":[\"https:\/\/www.facebook.com\/aleksandar.goga\",\"https:\/\/www.instagram.com\/aleksandargoga\/\",\"https:\/\/www.linkedin.com\/in\/aleksandar-goga-28a9905\"]}]}<\/script>\n<!-- \/ Yoast SEO plugin. -->","yoast_head_json":{"title":"Kontakt - Power To Grow Academy","robots":{"index":"index","follow":"follow","max-snippet":"max-snippet:-1","max-image-preview":"max-image-preview:large","max-video-preview":"max-video-preview:-1"},"canonical":"https:\/\/16.170.190.113\/kontakt\/","og_locale":"en_US","og_type":"article","og_title":"Kontakt - Power To Grow Academy","og_description":"Kontakt Vill du h\u00f6ra mer om hur du kan ta din karri\u00e4r eller bolagsresa till n\u00e4sta niv\u00e5? Fyll i formul\u00e4ret och&nbsp;beskriv ditt behov s\u00e5 h\u00f6r vi av oss.&nbsp; Please enable JavaScript in your browser to complete this form.Fullst\u00e4ndigt namn *Telefonnummer *E-post *Intresserad av *F\u00f6rel\u00e4sningCoachingF\u00f6rel\u00e4sning &amp; coachingDitt meddelande (valfritt) Skicka","og_url":"https:\/\/16.170.190.113\/kontakt\/","og_site_name":"Power To Grow Academy","article_publisher":"https:\/\/www.facebook.com\/aleksandar.goga","article_modified_time":"2025-04-02T14:15:30+00:00","twitter_card":"summary_large_image","twitter_misc":{"Est. reading time":"1 minute"},"schema":{"@context":"https:\/\/schema.org","@graph":[{"@type":"WebPage","@id":"https:\/\/16.170.190.113\/kontakt\/","url":"https:\/\/16.170.190.113\/kontakt\/","name":"Kontakt - Power To Grow Academy","isPartOf":{"@id":"https:\/\/powertogrow.academy\/#website"},"datePublished":"2025-03-17T11:35:12+00:00","dateModified":"2025-04-02T14:15:30+00:00","breadcrumb":{"@id":"https:\/\/16.170.190.113\/kontakt\/#breadcrumb"},"inLanguage":"en-US","potentialAction":[{"@type":"ReadAction","target":["https:\/\/16.170.190.113\/kontakt\/"]}]},{"@type":"BreadcrumbList","@id":"https:\/\/16.170.190.113\/kontakt\/#breadcrumb","itemListElement":[{"@type":"ListItem","position":1,"name":"Home","item":"https:\/\/powertogrow.academy\/"},{"@type":"ListItem","position":2,"name":"Kontakt"}]},{"@type":"WebSite","@id":"https:\/\/powertogrow.academy\/#website","url":"https:\/\/powertogrow.academy\/","name":"Power To Grow Academy - F\u00f6rel\u00e4sning & Coaching","description":"","publisher":{"@id":"https:\/\/powertogrow.academy\/#organization"},"potentialAction":[{"@type":"SearchAction","target":{"@type":"EntryPoint","urlTemplate":"https:\/\/powertogrow.academy\/?s={search_term_string}"},"query-input":{"@type":"PropertyValueSpecification","valueRequired":true,"valueName":"search_term_string"}}],"inLanguage":"en-US"},{"@type":"Organization","@id":"https:\/\/powertogrow.academy\/#organization","name":"Power To Grow Academy","url":"https:\/\/powertogrow.academy\/","logo":{"@type":"ImageObject","inLanguage":"en-US","@id":"https:\/\/powertogrow.academy\/#\/schema\/logo\/image\/","url":"https:\/\/i0.wp.com\/powertogrow.academy\/wp-content\/uploads\/2025\/03\/ptga-logoo.png?fit=598%2C297&ssl=1","contentUrl":"https:\/\/i0.wp.com\/powertogrow.academy\/wp-content\/uploads\/2025\/03\/ptga-logoo.png?fit=598%2C297&ssl=1","width":598,"height":297,"caption":"Power To Grow Academy"},"image":{"@id":"https:\/\/powertogrow.academy\/#\/schema\/logo\/image\/"},"sameAs":["https:\/\/www.facebook.com\/aleksandar.goga","https:\/\/www.instagram.com\/aleksandargoga\/","https:\/\/www.linkedin.com\/in\/aleksandar-goga-28a9905"]}]}},"jetpack_sharing_enabled":true,"_links":{"self":[{"href":"https:\/\/powertogrow.academy\/en\/wp-json\/wp\/v2\/pages\/867","targetHints":{"allow":["GET"]}}],"collection":[{"href":"https:\/\/powertogrow.academy\/en\/wp-json\/wp\/v2\/pages"}],"about":[{"href":"https:\/\/powertogrow.academy\/en\/wp-json\/wp\/v2\/types\/page"}],"author":[{"embeddable":true,"href":"https:\/\/powertogrow.academy\/en\/wp-json\/wp\/v2\/users\/1"}],"replies":[{"embeddable":true,"href":"https:\/\/powertogrow.academy\/en\/wp-json\/wp\/v2\/comments?post=867"}],"version-history":[{"count":22,"href":"https:\/\/powertogrow.academy\/en\/wp-json\/wp\/v2\/pages\/867\/revisions"}],"predecessor-version":[{"id":1657,"href":"https:\/\/powertogrow.academy\/en\/wp-json\/wp\/v2\/pages\/867\/revisions\/1657"}],"wp:attachment":[{"href":"https:\/\/powertogrow.academy\/en\/wp-json\/wp\/v2\/media?parent=867"}],"curies":[{"name":"wp","href":"https:\/\/api.w.org\/{rel}","templated":true}]}}