{"id":670,"date":"2025-03-17T11:35:12","date_gmt":"2025-03-17T11:35:12","guid":{"rendered":"http:\/\/16.170.190.113\/what-i-offer\/"},"modified":"2025-04-02T14:31:15","modified_gmt":"2025-04-02T14:31:15","slug":"forelasning","status":"publish","type":"page","link":"https:\/\/powertogrow.academy\/en\/forelasning\/","title":{"rendered":"Keynote"},"content":{"rendered":"<div data-elementor-type=\"wp-page\" data-elementor-id=\"670\" class=\"elementor elementor-670\">\n\t\t\t\t<div class=\"elementor-element elementor-element-9d8541b e-flex e-con-boxed e-con e-parent\" data-id=\"9d8541b\" data-element_type=\"container\" data-settings=\"{&quot;background_background&quot;:&quot;classic&quot;}\">\n\t\t\t\t\t<div class=\"e-con-inner\">\n\t\t<div class=\"elementor-element elementor-element-6f0000b e-con-full e-flex e-con e-child\" data-id=\"6f0000b\" data-element_type=\"container\">\n\t\t\t\t<div class=\"elementor-element elementor-element-527e914 elementor-widget elementor-widget-heading\" data-id=\"527e914\" data-element_type=\"widget\" data-widget_type=\"heading.default\">\n\t\t\t\t<div class=\"elementor-widget-container\">\n\t\t\t\t\t<h1 class=\"elementor-heading-title elementor-size-default\">Book keynote<\/h1>\t\t\t\t<\/div>\n\t\t\t\t<\/div>\n\t\t\t\t<div class=\"elementor-element elementor-element-d754f5d elementor-widget elementor-widget-text-editor\" data-id=\"d754f5d\" data-element_type=\"widget\" data-widget_type=\"text-editor.default\">\n\t\t\t\t<div class=\"elementor-widget-container\">\n\t\t\t\t\t\t\t\t\t<p>Are you ready to be part of an inspiring journey filled with insights on growth, profitability, and navigating through crisis? Aleksandar Goga has inspired thousands from the stage, sharing his personal experiences with honesty and energy. From dropping out of school to completing two successful exits and managing a bankruptcy\u2014his story offers valuable lessons for entrepreneurs and businesses at every stage.<\/p>\t\t\t\t\t\t\t\t<\/div>\n\t\t\t\t<\/div>\n\t\t\t\t<\/div>\n\t\t\t\t\t<\/div>\n\t\t\t\t<\/div>\n\t\t<div class=\"elementor-element elementor-element-4a36b5c e-flex e-con-boxed e-con e-parent\" data-id=\"4a36b5c\" data-element_type=\"container\" data-settings=\"{&quot;background_background&quot;:&quot;gradient&quot;}\">\n\t\t\t\t\t<div class=\"e-con-inner\">\n\t\t<div class=\"elementor-element elementor-element-e754ff6 e-con-full e-flex e-con e-child\" data-id=\"e754ff6\" data-element_type=\"container\">\n\t\t<div class=\"elementor-element elementor-element-1edc276 e-con-full e-flex e-con e-child\" data-id=\"1edc276\" data-element_type=\"container\" data-settings=\"{&quot;background_background&quot;:&quot;classic&quot;}\">\n\t\t<div class=\"elementor-element elementor-element-ae3cf6a e-con-full e-flex e-con e-child\" data-id=\"ae3cf6a\" data-element_type=\"container\" data-settings=\"{&quot;background_background&quot;:&quot;video&quot;,&quot;background_video_link&quot;:&quot;https:\\\/\\\/vimeo.com\\\/1069612365\\\/b00c863cd0&quot;,&quot;background_play_on_mobile&quot;:&quot;yes&quot;}\">\n\t\t<div class=\"elementor-background-video-container\">\n\t\t\t\t\t\t\t<div class=\"elementor-background-video-embed\"><\/div>\n\t\t\t\t\t\t<\/div>\t\t<div class=\"elementor-element elementor-element-f8329a9 elementor-view-stacked elementor-shape-circle elementor-widget elementor-widget-icon\" data-id=\"f8329a9\" data-element_type=\"widget\" data-widget_type=\"icon.default\">\n\t\t\t\t<div class=\"elementor-widget-container\">\n\t\t\t\t\t\t\t<div class=\"elementor-icon-wrapper\">\n\t\t\t<a class=\"elementor-icon elementor-animation-grow\" href=\"https:\/\/vimeo.com\/1069612365\/b00c863cd0\">\n\t\t\t<svg aria-hidden=\"true\" class=\"e-font-icon-svg e-fas-play\" viewbox=\"0 0 448 512\" xmlns=\"http:\/\/www.w3.org\/2000\/svg\"><path d=\"M424.4 214.7L72.4 6.6C43.8-10.3 0 6.1 0 47.9V464c0 37.5 40.7 60.1 72.4 41.3l352-208c31.4-18.5 31.5-64.1 0-82.6z\"><\/path><\/svg>\t\t\t<\/a>\n\t\t<\/div>\n\t\t\t\t\t\t<\/div>\n\t\t\t\t<\/div>\n\t\t\t\t<\/div>\n\t\t\t\t<\/div>\n\t\t<div class=\"elementor-element elementor-element-322e39f e-con-full e-flex e-con e-child\" data-id=\"322e39f\" data-element_type=\"container\">\n\t\t<div class=\"elementor-element elementor-element-90367ab e-con-full e-flex e-con e-child\" data-id=\"90367ab\" data-element_type=\"container\">\n\t\t\t\t<div class=\"elementor-element elementor-element-b82a5ca elementor-widget elementor-widget-heading\" data-id=\"b82a5ca\" data-element_type=\"widget\" data-widget_type=\"heading.default\">\n\t\t\t\t<div class=\"elementor-widget-container\">\n\t\t\t\t\t<h2 class=\"elementor-heading-title elementor-size-default\">\u201c\u200b<\/h2>\t\t\t\t<\/div>\n\t\t\t\t<\/div>\n\t\t\t\t<div class=\"elementor-element elementor-element-e8ad678 elementor-widget elementor-widget-heading\" data-id=\"e8ad678\" data-element_type=\"widget\" data-widget_type=\"heading.default\">\n\t\t\t\t<div class=\"elementor-widget-container\">\n\t\t\t\t\t<h2 class=\"elementor-heading-title elementor-size-default\">An insightful and practical talk packed with immediately applicable strategies for growth and increased revenue.\n\nHighly recommended!<\/h2>\t\t\t\t<\/div>\n\t\t\t\t<\/div>\n\t\t\t\t<\/div>\n\t\t<div class=\"elementor-element elementor-element-d0a8bf9 e-con-full e-flex e-con e-child\" data-id=\"d0a8bf9\" data-element_type=\"container\">\n\t\t\t\t<div class=\"elementor-element elementor-element-8a9010a elementor-widget-divider--view-line elementor-widget elementor-widget-divider\" data-id=\"8a9010a\" data-element_type=\"widget\" data-widget_type=\"divider.default\">\n\t\t\t\t<div class=\"elementor-widget-container\">\n\t\t\t\t\t\t\t<div class=\"elementor-divider\">\n\t\t\t<span class=\"elementor-divider-separator\">\n\t\t\t\t\t\t<\/span>\n\t\t<\/div>\n\t\t\t\t\t\t<\/div>\n\t\t\t\t<\/div>\n\t\t\t\t<div class=\"elementor-element elementor-element-5e9eb20 elementor-widget elementor-widget-text-editor\" data-id=\"5e9eb20\" data-element_type=\"widget\" data-widget_type=\"text-editor.default\">\n\t\t\t\t<div class=\"elementor-widget-container\">\n\t\t\t\t\t\t\t\t\t<p>Book a keynote for your conference or kick-off and let your team be inspired by real-world experiences and actionable strategies. The session can be tailored to suit your company and the stage you're currently in.<\/p>\t\t\t\t\t\t\t\t<\/div>\n\t\t\t\t<\/div>\n\t\t\t\t<div class=\"elementor-element elementor-element-9463d68 elementor-mobile-align-center elementor-widget elementor-widget-button\" data-id=\"9463d68\" data-element_type=\"widget\" data-widget_type=\"button.default\">\n\t\t\t\t<div class=\"elementor-widget-container\">\n\t\t\t\t\t\t\t\t\t<div class=\"elementor-button-wrapper\">\n\t\t\t\t\t<a class=\"elementor-button elementor-button-link elementor-size-sm\" href=\"https:\/\/powertogrow.academy\/en\/kontakt\/\">\n\t\t\t\t\t\t<span class=\"elementor-button-content-wrapper\">\n\t\t\t\t\t\t<span class=\"elementor-button-icon\">\n\t\t\t\t<svg xmlns=\"http:\/\/www.w3.org\/2000\/svg\" viewbox=\"0 0 2048 2048\"><path d=\"M6.125 1088h1797.89l-402.976 403 89.994 90L2048 1024l-556.966-557-89.994 90 402.976 403H6.125v128z\"><\/path><\/svg>\t\t\t<\/span>\n\t\t\t\t\t\t\t\t\t<span class=\"elementor-button-text\">Reach out today<\/span>\n\t\t\t\t\t<\/span>\n\t\t\t\t\t<\/a>\n\t\t\t\t<\/div>\n\t\t\t\t\t\t\t\t<\/div>\n\t\t\t\t<\/div>\n\t\t\t\t<\/div>\n\t\t\t\t<\/div>\n\t\t\t\t<\/div>\n\t\t\t\t\t<\/div>\n\t\t\t\t<\/div>\n\t\t\t\t<\/div>","protected":false},"excerpt":{"rendered":"<p>Boka f\u00f6rel\u00e4sning \u00c4r ni redo att ta del av en inspirerande resa fylld med insikter om tillv\u00e4xt, l\u00f6nsamhet och att navigera i kris? Aleksandar Goga har inspirerat tusentals personer fr\u00e5n scen och delar med sig av sina egna erfarenheter med transparens och energi. Fr\u00e5n att ha hoppat av studierna till att genomf\u00f6ra tv\u00e5 exits och [&hellip;]<\/p>","protected":false},"author":1,"featured_media":0,"parent":0,"menu_order":0,"comment_status":"closed","ping_status":"closed","template":"","meta":{"site-sidebar-layout":"no-sidebar","site-content-layout":"page-builder","ast-site-content-layout":"full-width-container","site-content-style":"unboxed","site-sidebar-style":"unboxed","ast-global-header-display":"","ast-banner-title-visibility":"","ast-main-header-display":"","ast-hfb-above-header-display":"","ast-hfb-below-header-display":"","ast-hfb-mobile-header-display":"","site-post-title":"disabled","ast-breadcrumbs-content":"disabled","ast-featured-img":"disabled","footer-sml-layout":"","theme-transparent-header-meta":"enabled","adv-header-id-meta":"","stick-header-meta":"","header-above-stick-meta":"","header-main-stick-meta":"","header-below-stick-meta":"","astra-migrate-meta-layouts":"set","ast-page-background-enabled":"default","ast-page-background-meta":{"desktop":{"background-color":"","background-image":"","background-repeat":"repeat","background-position":"center center","background-size":"auto","background-attachment":"scroll","background-type":"","background-media":"","overlay-type":"","overlay-color":"","overlay-opacity":"","overlay-gradient":""},"tablet":{"background-color":"","background-image":"","background-repeat":"repeat","background-position":"center center","background-size":"auto","background-attachment":"scroll","background-type":"","background-media":"","overlay-type":"","overlay-color":"","overlay-opacity":"","overlay-gradient":""},"mobile":{"background-color":"","background-image":"","background-repeat":"repeat","background-position":"center center","background-size":"auto","background-attachment":"scroll","background-type":"","background-media":"","overlay-type":"","overlay-color":"","overlay-opacity":"","overlay-gradient":""}},"ast-content-background-meta":{"desktop":{"background-color":"var(--ast-global-color-5)","background-image":"","background-repeat":"repeat","background-position":"center center","background-size":"auto","background-attachment":"scroll","background-type":"","background-media":"","overlay-type":"","overlay-color":"","overlay-opacity":"","overlay-gradient":""},"tablet":{"background-color":"var(--ast-global-color-5)","background-image":"","background-repeat":"repeat","background-position":"center center","background-size":"auto","background-attachment":"scroll","background-type":"","background-media":"","overlay-type":"","overlay-color":"","overlay-opacity":"","overlay-gradient":""},"mobile":{"background-color":"var(--ast-global-color-5)","background-image":"","background-repeat":"repeat","background-position":"center center","background-size":"auto","background-attachment":"scroll","background-type":"","background-media":"","overlay-type":"","overlay-color":"","overlay-opacity":"","overlay-gradient":""}},"footnotes":""},"class_list":["post-670","page","type-page","status-publish","hentry"],"yoast_head":"<!-- This site is optimized with the Yoast SEO plugin v24.7 - https:\/\/yoast.com\/wordpress\/plugins\/seo\/ -->\n<title>F\u00f6rel\u00e4sning - Power To Grow Academy<\/title>\n<meta name=\"robots\" content=\"index, follow, max-snippet:-1, max-image-preview:large, max-video-preview:-1\" \/>\n<link rel=\"canonical\" href=\"https:\/\/powertogrow.academy\/en\/forelasning\/\" \/>\n<meta property=\"og:locale\" content=\"en_US\" \/>\n<meta property=\"og:type\" content=\"article\" \/>\n<meta property=\"og:title\" content=\"F\u00f6rel\u00e4sning - Power To Grow Academy\" \/>\n<meta property=\"og:description\" content=\"Boka f\u00f6rel\u00e4sning \u00c4r ni redo att ta del av en inspirerande resa fylld med insikter om tillv\u00e4xt, l\u00f6nsamhet och att navigera i kris? Aleksandar Goga har inspirerat tusentals personer fr\u00e5n scen och delar med sig av sina egna erfarenheter med transparens och energi. Fr\u00e5n att ha hoppat av studierna till att genomf\u00f6ra tv\u00e5 exits och [&hellip;]\" \/>\n<meta property=\"og:url\" content=\"https:\/\/powertogrow.academy\/en\/forelasning\/\" \/>\n<meta property=\"og:site_name\" content=\"Power To Grow Academy\" \/>\n<meta property=\"article:publisher\" content=\"https:\/\/www.facebook.com\/aleksandar.goga\" \/>\n<meta property=\"article:modified_time\" content=\"2025-04-02T14:31:15+00:00\" \/>\n<meta name=\"twitter:card\" content=\"summary_large_image\" \/>\n<meta name=\"twitter:label1\" content=\"Est. reading time\" \/>\n\t<meta name=\"twitter:data1\" content=\"1 minute\" \/>\n<script type=\"application\/ld+json\" class=\"yoast-schema-graph\">{\"@context\":\"https:\/\/schema.org\",\"@graph\":[{\"@type\":\"WebPage\",\"@id\":\"https:\/\/powertogrow.academy\/forelasning\/\",\"url\":\"https:\/\/powertogrow.academy\/forelasning\/\",\"name\":\"F\u00f6rel\u00e4sning - Power To Grow Academy\",\"isPartOf\":{\"@id\":\"https:\/\/powertogrow.academy\/#website\"},\"datePublished\":\"2025-03-17T11:35:12+00:00\",\"dateModified\":\"2025-04-02T14:31:15+00:00\",\"breadcrumb\":{\"@id\":\"https:\/\/powertogrow.academy\/forelasning\/#breadcrumb\"},\"inLanguage\":\"en-US\",\"potentialAction\":[{\"@type\":\"ReadAction\",\"target\":[\"https:\/\/powertogrow.academy\/forelasning\/\"]}]},{\"@type\":\"BreadcrumbList\",\"@id\":\"https:\/\/powertogrow.academy\/forelasning\/#breadcrumb\",\"itemListElement\":[{\"@type\":\"ListItem\",\"position\":1,\"name\":\"Home\",\"item\":\"https:\/\/powertogrow.academy\/\"},{\"@type\":\"ListItem\",\"position\":2,\"name\":\"F\u00f6rel\u00e4sning\"}]},{\"@type\":\"WebSite\",\"@id\":\"https:\/\/powertogrow.academy\/#website\",\"url\":\"https:\/\/powertogrow.academy\/\",\"name\":\"Power To Grow Academy - F\u00f6rel\u00e4sning & Coaching\",\"description\":\"\",\"publisher\":{\"@id\":\"https:\/\/powertogrow.academy\/#organization\"},\"potentialAction\":[{\"@type\":\"SearchAction\",\"target\":{\"@type\":\"EntryPoint\",\"urlTemplate\":\"https:\/\/powertogrow.academy\/?s={search_term_string}\"},\"query-input\":{\"@type\":\"PropertyValueSpecification\",\"valueRequired\":true,\"valueName\":\"search_term_string\"}}],\"inLanguage\":\"en-US\"},{\"@type\":\"Organization\",\"@id\":\"https:\/\/powertogrow.academy\/#organization\",\"name\":\"Power To Grow Academy\",\"url\":\"https:\/\/powertogrow.academy\/\",\"logo\":{\"@type\":\"ImageObject\",\"inLanguage\":\"en-US\",\"@id\":\"https:\/\/powertogrow.academy\/#\/schema\/logo\/image\/\",\"url\":\"https:\/\/i0.wp.com\/powertogrow.academy\/wp-content\/uploads\/2025\/03\/ptga-logoo.png?fit=598%2C297&ssl=1\",\"contentUrl\":\"https:\/\/i0.wp.com\/powertogrow.academy\/wp-content\/uploads\/2025\/03\/ptga-logoo.png?fit=598%2C297&ssl=1\",\"width\":598,\"height\":297,\"caption\":\"Power To Grow Academy\"},\"image\":{\"@id\":\"https:\/\/powertogrow.academy\/#\/schema\/logo\/image\/\"},\"sameAs\":[\"https:\/\/www.facebook.com\/aleksandar.goga\",\"https:\/\/www.instagram.com\/aleksandargoga\/\",\"https:\/\/www.linkedin.com\/in\/aleksandar-goga-28a9905\"]}]}<\/script>\n<!-- \/ Yoast SEO plugin. -->","yoast_head_json":{"title":"F\u00f6rel\u00e4sning - Power To Grow Academy","robots":{"index":"index","follow":"follow","max-snippet":"max-snippet:-1","max-image-preview":"max-image-preview:large","max-video-preview":"max-video-preview:-1"},"canonical":"https:\/\/powertogrow.academy\/en\/forelasning\/","og_locale":"en_US","og_type":"article","og_title":"F\u00f6rel\u00e4sning - Power To Grow Academy","og_description":"Boka f\u00f6rel\u00e4sning \u00c4r ni redo att ta del av en inspirerande resa fylld med insikter om tillv\u00e4xt, l\u00f6nsamhet och att navigera i kris? Aleksandar Goga har inspirerat tusentals personer fr\u00e5n scen och delar med sig av sina egna erfarenheter med transparens och energi. Fr\u00e5n att ha hoppat av studierna till att genomf\u00f6ra tv\u00e5 exits och [&hellip;]","og_url":"https:\/\/powertogrow.academy\/en\/forelasning\/","og_site_name":"Power To Grow Academy","article_publisher":"https:\/\/www.facebook.com\/aleksandar.goga","article_modified_time":"2025-04-02T14:31:15+00:00","twitter_card":"summary_large_image","twitter_misc":{"Est. reading time":"1 minute"},"schema":{"@context":"https:\/\/schema.org","@graph":[{"@type":"WebPage","@id":"https:\/\/powertogrow.academy\/forelasning\/","url":"https:\/\/powertogrow.academy\/forelasning\/","name":"F\u00f6rel\u00e4sning - Power To Grow Academy","isPartOf":{"@id":"https:\/\/powertogrow.academy\/#website"},"datePublished":"2025-03-17T11:35:12+00:00","dateModified":"2025-04-02T14:31:15+00:00","breadcrumb":{"@id":"https:\/\/powertogrow.academy\/forelasning\/#breadcrumb"},"inLanguage":"en-US","potentialAction":[{"@type":"ReadAction","target":["https:\/\/powertogrow.academy\/forelasning\/"]}]},{"@type":"BreadcrumbList","@id":"https:\/\/powertogrow.academy\/forelasning\/#breadcrumb","itemListElement":[{"@type":"ListItem","position":1,"name":"Home","item":"https:\/\/powertogrow.academy\/"},{"@type":"ListItem","position":2,"name":"F\u00f6rel\u00e4sning"}]},{"@type":"WebSite","@id":"https:\/\/powertogrow.academy\/#website","url":"https:\/\/powertogrow.academy\/","name":"Power To Grow Academy - F\u00f6rel\u00e4sning & Coaching","description":"","publisher":{"@id":"https:\/\/powertogrow.academy\/#organization"},"potentialAction":[{"@type":"SearchAction","target":{"@type":"EntryPoint","urlTemplate":"https:\/\/powertogrow.academy\/?s={search_term_string}"},"query-input":{"@type":"PropertyValueSpecification","valueRequired":true,"valueName":"search_term_string"}}],"inLanguage":"en-US"},{"@type":"Organization","@id":"https:\/\/powertogrow.academy\/#organization","name":"Power To Grow Academy","url":"https:\/\/powertogrow.academy\/","logo":{"@type":"ImageObject","inLanguage":"en-US","@id":"https:\/\/powertogrow.academy\/#\/schema\/logo\/image\/","url":"https:\/\/i0.wp.com\/powertogrow.academy\/wp-content\/uploads\/2025\/03\/ptga-logoo.png?fit=598%2C297&ssl=1","contentUrl":"https:\/\/i0.wp.com\/powertogrow.academy\/wp-content\/uploads\/2025\/03\/ptga-logoo.png?fit=598%2C297&ssl=1","width":598,"height":297,"caption":"Power To Grow Academy"},"image":{"@id":"https:\/\/powertogrow.academy\/#\/schema\/logo\/image\/"},"sameAs":["https:\/\/www.facebook.com\/aleksandar.goga","https:\/\/www.instagram.com\/aleksandargoga\/","https:\/\/www.linkedin.com\/in\/aleksandar-goga-28a9905"]}]}},"jetpack_sharing_enabled":true,"_links":{"self":[{"href":"https:\/\/powertogrow.academy\/en\/wp-json\/wp\/v2\/pages\/670","targetHints":{"allow":["GET"]}}],"collection":[{"href":"https:\/\/powertogrow.academy\/en\/wp-json\/wp\/v2\/pages"}],"about":[{"href":"https:\/\/powertogrow.academy\/en\/wp-json\/wp\/v2\/types\/page"}],"author":[{"embeddable":true,"href":"https:\/\/powertogrow.academy\/en\/wp-json\/wp\/v2\/users\/1"}],"replies":[{"embeddable":true,"href":"https:\/\/powertogrow.academy\/en\/wp-json\/wp\/v2\/comments?post=670"}],"version-history":[{"count":52,"href":"https:\/\/powertogrow.academy\/en\/wp-json\/wp\/v2\/pages\/670\/revisions"}],"predecessor-version":[{"id":1678,"href":"https:\/\/powertogrow.academy\/en\/wp-json\/wp\/v2\/pages\/670\/revisions\/1678"}],"wp:attachment":[{"href":"https:\/\/powertogrow.academy\/en\/wp-json\/wp\/v2\/media?parent=670"}],"curies":[{"name":"wp","href":"https:\/\/api.w.org\/{rel}","templated":true}]}}